{"id":151,"date":"2024-04-10T15:09:51","date_gmt":"2024-04-10T18:09:51","guid":{"rendered":"https:\/\/codmef.com.br\/?page_id=151"},"modified":"2024-10-14T10:01:55","modified_gmt":"2024-10-14T13:01:55","slug":"certificados","status":"publish","type":"page","link":"https:\/\/codmef.com.br\/index.php\/certificados\/","title":{"rendered":"Certificados"},"content":{"rendered":"\n<p><\/p>\n\n\n\n<p><strong>Certificados de participa\u00e7\u00e3o<\/strong><\/p>\n\n\n\n<p>Ser\u00e3o emitidos&nbsp;<strong>CERTIFICADOS de Participa\u00e7\u00e3o <\/strong>para os&nbsp;<strong>inscritos<\/strong>&nbsp;que estiverem presentes em,&nbsp;<strong>no m\u00ednimo, 75% do evento<\/strong>, verificado atrav\u00e9s da&nbsp;<strong>assinatura da lista de presen\u00e7a.<\/strong><\/p>\n\n\n\n<p><strong>Certificados de apresenta\u00e7\u00e3o de trabalho<\/strong><\/p>\n\n\n\n<p>Ser\u00e3o emitidos <strong>CERTIFICADOS de Apresenta\u00e7\u00e3o de Trabalho<\/strong> para os inscritos que tiverem o resumo aprovado e apresentado no evento. O certificado ser\u00e1 nominal ao primeiro autor contendo o t\u00edtulo do trabalho e nome de todos os autores.<\/p>\n\n\n\n<p><\/p>\n\n\n\n<p class=\"has-text-align-center has-vivid-red-color has-electric-grass-gradient-background has-text-color has-background has-link-color wp-elements-f0dd6fb43df6d2e9a1d8e41e3141303e\"><strong>At\u00e9 10 dias ap\u00f3s o evento, ser\u00e1 enviado<em> um link via e-mail<\/em> para acessar os certificados.<\/strong><\/p>\n","protected":false},"excerpt":{"rendered":"<p>Certificados de participa\u00e7\u00e3o Ser\u00e3o emitidos&nbsp;CERTIFICADOS de Participa\u00e7\u00e3o para os&nbsp;inscritos&nbsp;que estiverem presentes em,&nbsp;no m\u00ednimo, 75% do evento, verificado atrav\u00e9s da&nbsp;assinatura da lista de presen\u00e7a. Certificados de apresenta\u00e7\u00e3o de trabalho Ser\u00e3o emitidos CERTIFICADOS de Apresenta\u00e7\u00e3o de Trabalho para os inscritos que tiverem o resumo aprovado e apresentado no evento. O certificado ser\u00e1 nominal ao primeiro autor contendo [&hellip;]<\/p>\n","protected":false},"author":1,"featured_media":0,"parent":0,"menu_order":0,"comment_status":"closed","ping_status":"closed","template":"","meta":{"footnotes":""},"_links":{"self":[{"href":"https:\/\/codmef.com.br\/index.php\/wp-json\/wp\/v2\/pages\/151"}],"collection":[{"href":"https:\/\/codmef.com.br\/index.php\/wp-json\/wp\/v2\/pages"}],"about":[{"href":"https:\/\/codmef.com.br\/index.php\/wp-json\/wp\/v2\/types\/page"}],"author":[{"embeddable":true,"href":"https:\/\/codmef.com.br\/index.php\/wp-json\/wp\/v2\/users\/1"}],"replies":[{"embeddable":true,"href":"https:\/\/codmef.com.br\/index.php\/wp-json\/wp\/v2\/comments?post=151"}],"version-history":[{"count":5,"href":"https:\/\/codmef.com.br\/index.php\/wp-json\/wp\/v2\/pages\/151\/revisions"}],"predecessor-version":[{"id":539,"href":"https:\/\/codmef.com.br\/index.php\/wp-json\/wp\/v2\/pages\/151\/revisions\/539"}],"wp:attachment":[{"href":"https:\/\/codmef.com.br\/index.php\/wp-json\/wp\/v2\/media?parent=151"}],"curies":[{"name":"wp","href":"https:\/\/api.w.org\/{rel}","templated":true}]}}