{"id":23,"date":"2024-02-18T12:01:46","date_gmt":"2024-02-18T15:01:46","guid":{"rendered":"https:\/\/codmef.com.br\/?page_id=23"},"modified":"2024-10-21T08:54:52","modified_gmt":"2024-10-21T11:54:52","slug":"inscricoes","status":"publish","type":"page","link":"https:\/\/codmef.com.br\/index.php\/inscricoes\/","title":{"rendered":"Inscri\u00e7\u00f5es"},"content":{"rendered":"\t\t<div data-elementor-type=\"wp-page\" data-elementor-id=\"23\" class=\"elementor elementor-23\">\n\t\t\t\t<div class=\"elementor-element elementor-element-7a62661a e-flex e-con-boxed e-con e-parent\" data-id=\"7a62661a\" data-element_type=\"container\">\n\t\t\t\t\t<div class=\"e-con-inner\">\n\t\t\t\t<div class=\"elementor-element elementor-element-33882349 elementor-widget elementor-widget-text-editor\" data-id=\"33882349\" data-element_type=\"widget\" data-widget_type=\"text-editor.default\">\n\t\t\t\t<div class=\"elementor-widget-container\">\n\t\t\t<style>\/*! elementor - v3.21.0 - 26-05-2024 *\/\n.elementor-widget-text-editor.elementor-drop-cap-view-stacked .elementor-drop-cap{background-color:#69727d;color:#fff}.elementor-widget-text-editor.elementor-drop-cap-view-framed .elementor-drop-cap{color:#69727d;border:3px solid;background-color:transparent}.elementor-widget-text-editor:not(.elementor-drop-cap-view-default) .elementor-drop-cap{margin-top:8px}.elementor-widget-text-editor:not(.elementor-drop-cap-view-default) .elementor-drop-cap-letter{width:1em;height:1em}.elementor-widget-text-editor .elementor-drop-cap{float:left;text-align:center;line-height:1;font-size:50px}.elementor-widget-text-editor .elementor-drop-cap-letter{display:inline-block}<\/style>\t\t\t\t<p><!-- wp:paragraph {\"style\":{\"elements\":{\"link\":{\"color\":{\"text\":\"var:preset|color|white\"}}}},\"textColor\":\"white\",\"gradient\":\"electric-grass\"} --><\/p>\n<p class=\"has-white-color has-electric-grass-gradient-background has-text-color has-background has-link-color\"><strong>LOTE 1:<\/strong> VALOR: R$ 150,00<em>&nbsp;(cento e cinquenta reais)<\/em> PER\u00cdODO DE INSCRI\u00c7\u00c3O:&nbsp;<strong>at\u00e9 10\/09\/2024<\/strong><\/p>\n<p><!-- \/wp:paragraph --><\/p>\n<p><!-- wp:paragraph {\"gradient\":\"blush-bordeaux\"} --><\/p>\n<p class=\"has-blush-bordeaux-gradient-background has-background\"><strong>LOTE 2:<\/strong> VALOR: R$ 200,00&nbsp;<em>(duzentos reais)<\/em> PER\u00cdODO DE INSCRI\u00c7\u00c3O:&nbsp;<strong>11\/09\/2024 a 06\/11\/2024<\/strong><\/p>\n<p><!-- \/wp:paragraph --><\/p>\n<p><!-- wp:group {\"layout\":{\"type\":\"constrained\"}} --><\/p>\n<div class=\"wp-block-group\"><p><!-- wp:paragraph {\"align\":\"center\",\"style\":{\"elements\":{\"link\":{\"color\":{\"text\":\"var:preset|color|vivid-green-cyan\"}}}},\"textColor\":\"vivid-green-cyan\",\"fontSize\":\"large\"} --><\/p>\n<p class=\"has-text-align-center has-vivid-green-cyan-color has-text-color has-link-color has-large-font-size\"><a href=\"https:\/\/web.fundacaouniselva.org.br\/frmInscricao.aspx?_id=40711\"><strong>Clique aqui para realizar sua inscri\u00e7\u00e3o!<\/strong><\/a><\/p>\n<p><!-- \/wp:paragraph --><\/p>\n<p><!-- wp:paragraph --><\/p>\n<p><!-- \/wp:paragraph --><\/p>\n<p><!-- wp:paragraph --><\/p>\n<p>Os valores de taxa de inscri\u00e7\u00e3o variam de acordo com a data de efetiva\u00e7\u00e3o do pagamento (n\u00e3o a data de inscri\u00e7\u00e3o).<\/p>\n<p><!-- \/wp:paragraph --><\/p><\/div>\n<p><!-- \/wp:group --><\/p>\n<p><!-- wp:paragraph --><\/p>\n<p>Cada inscri\u00e7\u00e3o permite o envio de somente 1 trabalho.<\/p>\n<p><!-- \/wp:paragraph --><\/p>\n<p><!-- wp:paragraph --><\/p>\n<p>O pagamento da inscri\u00e7\u00e3o n\u00e3o garante a apresenta\u00e7\u00e3o de trabalho submetido. Somente os trabalhos aceitos e quites ser\u00e3o apresentados no evento.<\/p>\n<p><!-- \/wp:paragraph --><\/p>\n<p><!-- wp:paragraph --><\/p>\n<p>Para apresenta\u00e7\u00e3o de trabalho no congresso, o primeiro autor (respons\u00e1vel pela submiss\u00e3o) deve estar cadastrado e ter pago a taxa de inscri\u00e7\u00e3o.<\/p>\n<p><!-- \/wp:paragraph --><\/p>\n<p><!-- wp:paragraph --><\/p>\n<p>Coautores poder\u00e3o apresentar trabalhos se estiverem devidamente registrados, com inscri\u00e7\u00e3o quite (bem como o primeiro autor).<\/p>\n<p><!-- \/wp:paragraph --><\/p>\n<p><!-- wp:paragraph --><\/p>\n<p><em><strong>N\u00e3o efetuamos estornos, reembolsos ou devolu\u00e7\u00f5es.<\/strong><\/em><\/p>\n<p><!-- \/wp:paragraph --><\/p>\n<p><!-- wp:paragraph --><\/p>\n<p><!-- \/wp:paragraph --><\/p>\n<p><!-- wp:paragraph --><\/p>\n<p><!-- \/wp:paragraph --><\/p>\t\t\t\t\t\t<\/div>\n\t\t\t\t<\/div>\n\t\t\t\t\t<\/div>\n\t\t\t\t<\/div>\n\t\t\t\t<\/div>\n\t\t","protected":false},"excerpt":{"rendered":"<p>LOTE 1: VALOR: R$ 150,00&nbsp;(cento e cinquenta reais) PER\u00cdODO DE INSCRI\u00c7\u00c3O:&nbsp;at\u00e9 10\/09\/2024 LOTE 2: VALOR: R$ 200,00&nbsp;(duzentos reais) PER\u00cdODO DE INSCRI\u00c7\u00c3O:&nbsp;11\/09\/2024 a 06\/11\/2024 Clique aqui para realizar sua inscri\u00e7\u00e3o! Os valores de taxa de inscri\u00e7\u00e3o variam de acordo com a data de efetiva\u00e7\u00e3o do pagamento (n\u00e3o a data de inscri\u00e7\u00e3o). Cada inscri\u00e7\u00e3o permite o envio [&hellip;]<\/p>\n","protected":false},"author":1,"featured_media":0,"parent":0,"menu_order":0,"comment_status":"closed","ping_status":"closed","template":"","meta":{"footnotes":""},"_links":{"self":[{"href":"https:\/\/codmef.com.br\/index.php\/wp-json\/wp\/v2\/pages\/23"}],"collection":[{"href":"https:\/\/codmef.com.br\/index.php\/wp-json\/wp\/v2\/pages"}],"about":[{"href":"https:\/\/codmef.com.br\/index.php\/wp-json\/wp\/v2\/types\/page"}],"author":[{"embeddable":true,"href":"https:\/\/codmef.com.br\/index.php\/wp-json\/wp\/v2\/users\/1"}],"replies":[{"embeddable":true,"href":"https:\/\/codmef.com.br\/index.php\/wp-json\/wp\/v2\/comments?post=23"}],"version-history":[{"count":14,"href":"https:\/\/codmef.com.br\/index.php\/wp-json\/wp\/v2\/pages\/23\/revisions"}],"predecessor-version":[{"id":560,"href":"https:\/\/codmef.com.br\/index.php\/wp-json\/wp\/v2\/pages\/23\/revisions\/560"}],"wp:attachment":[{"href":"https:\/\/codmef.com.br\/index.php\/wp-json\/wp\/v2\/media?parent=23"}],"curies":[{"name":"wp","href":"https:\/\/api.w.org\/{rel}","templated":true}]}}