{"id":365,"date":"2024-06-19T12:29:08","date_gmt":"2024-06-19T15:29:08","guid":{"rendered":"https:\/\/codmef.com.br\/?page_id=365"},"modified":"2024-06-19T12:38:40","modified_gmt":"2024-06-19T15:38:40","slug":"contato","status":"publish","type":"page","link":"https:\/\/codmef.com.br\/index.php\/contato\/","title":{"rendered":"Contato"},"content":{"rendered":"\n<h4 class=\"wp-block-heading\"><strong>III Congresso de Obesidade Doen\u00e7as Metab\u00f3licas e Exerc\u00edcio F\u00edsico &#8211; CODMEF<\/strong><\/h4>\n\n\n\n<p class=\"has-text-align-left\"><strong>E-mail:<\/strong> codmefmt.ufmt@gmail.com<\/p>\n\n\n\n<p class=\"has-text-align-left\"><strong>Instagram:<\/strong><a href=\"https:\/\/www.instagram.com\/gepacef_ufmt?utm_source=ig_web_button_share_sheet&amp;igsh=ZDNlZDc0MzIxNw==\" data-type=\"link\" data-id=\"https:\/\/www.instagram.com\/gepacef_ufmt?utm_source=ig_web_button_share_sheet&amp;igsh=ZDNlZDc0MzIxNw==\">\u00a0@gepacef_ufmt<\/a><\/p>\n\n\n\n<p class=\"has-text-align-left\"><strong>Facebook:<\/strong>  <a href=\"https:\/\/www.facebook.com\/codmef\/\" data-type=\"link\" data-id=\"https:\/\/www.facebook.com\/codmef\/\">https:\/\/www.facebook.com\/codmef\/<\/a><\/p>\n","protected":false},"excerpt":{"rendered":"<p>III Congresso de Obesidade Doen\u00e7as Metab\u00f3licas e Exerc\u00edcio F\u00edsico &#8211; CODMEF E-mail: codmefmt.ufmt@gmail.com Instagram:\u00a0@gepacef_ufmt Facebook: https:\/\/www.facebook.com\/codmef\/<\/p>\n","protected":false},"author":1,"featured_media":0,"parent":0,"menu_order":0,"comment_status":"closed","ping_status":"closed","template":"","meta":{"footnotes":""},"_links":{"self":[{"href":"https:\/\/codmef.com.br\/index.php\/wp-json\/wp\/v2\/pages\/365"}],"collection":[{"href":"https:\/\/codmef.com.br\/index.php\/wp-json\/wp\/v2\/pages"}],"about":[{"href":"https:\/\/codmef.com.br\/index.php\/wp-json\/wp\/v2\/types\/page"}],"author":[{"embeddable":true,"href":"https:\/\/codmef.com.br\/index.php\/wp-json\/wp\/v2\/users\/1"}],"replies":[{"embeddable":true,"href":"https:\/\/codmef.com.br\/index.php\/wp-json\/wp\/v2\/comments?post=365"}],"version-history":[{"count":3,"href":"https:\/\/codmef.com.br\/index.php\/wp-json\/wp\/v2\/pages\/365\/revisions"}],"predecessor-version":[{"id":370,"href":"https:\/\/codmef.com.br\/index.php\/wp-json\/wp\/v2\/pages\/365\/revisions\/370"}],"wp:attachment":[{"href":"https:\/\/codmef.com.br\/index.php\/wp-json\/wp\/v2\/media?parent=365"}],"curies":[{"name":"wp","href":"https:\/\/api.w.org\/{rel}","templated":true}]}}