{"id":6,"date":"2024-02-18T11:47:12","date_gmt":"2024-02-18T14:47:12","guid":{"rendered":"https:\/\/codmef.com.br\/?page_id=6"},"modified":"2024-02-18T13:16:05","modified_gmt":"2024-02-18T16:16:05","slug":"inicio","status":"publish","type":"page","link":"https:\/\/codmef.com.br\/","title":{"rendered":"Inicio"},"content":{"rendered":"\n<div class=\"wp-block-cover alignfull is-light\" style=\"min-height:390px\"><span aria-hidden=\"true\" class=\"wp-block-cover__background has-background-dim-100 has-background-dim\" style=\"background-color:#ffffff\"><\/span><div class=\"wp-block-cover__inner-container is-layout-flow wp-block-cover-is-layout-flow\">\n<div class=\"wp-block-media-text alignwide is-stacked-on-mobile is-vertically-aligned-top\" style=\"grid-template-columns:56% auto\"><figure class=\"wp-block-media-text__media\"><img fetchpriority=\"high\" decoding=\"async\" width=\"960\" height=\"470\" src=\"http:\/\/codmef.com.br\/wp-content\/uploads\/2024\/02\/1-e1708272900458.jpg\" alt=\"\" class=\"wp-image-64 size-full\" srcset=\"https:\/\/codmef.com.br\/wp-content\/uploads\/2024\/02\/1-e1708272900458.jpg 960w, https:\/\/codmef.com.br\/wp-content\/uploads\/2024\/02\/1-e1708272900458-300x147.jpg 300w, https:\/\/codmef.com.br\/wp-content\/uploads\/2024\/02\/1-e1708272900458-768x376.jpg 768w\" sizes=\"(max-width: 960px) 100vw, 960px\" \/><\/figure><div class=\"wp-block-media-text__content\">\n<p class=\"has-text-color\" style=\"color:#000000;font-size:17px\">A proposta de realiza\u00e7\u00e3o do<strong>\u00a0Congresso de Obesidade, Doen\u00e7as Metab\u00f3licas e Exerc\u00edcio F\u00edsico<\/strong>\u00a0\u2013 CODMEF surgiu dos estarrecedores dados estat\u00edsticos acerca da popula\u00e7\u00e3o com sobrepeso e obesidade em nosso pa\u00eds, que afeta todas as faixas et\u00e1rias, desde a mais tenra idade, e das mais distintas realidades sociais, tornando necess\u00e1rio o debate do tema sob uma perspectiva cient\u00edfica e multidisciplinar, dado que a obesidade e seus desfechos tem tido grande repercuss\u00e3o nacional, e em especial, no estado de Mato Grosso, que tem\u00a0Cuiab\u00e1 entre as capitais com maiores \u00edndices de sobrepeso e obesidade.<\/p>\n<\/div><\/div>\n<\/div><\/div>\n","protected":false},"excerpt":{"rendered":"","protected":false},"author":1,"featured_media":0,"parent":0,"menu_order":0,"comment_status":"closed","ping_status":"closed","template":"","meta":{"footnotes":""},"_links":{"self":[{"href":"https:\/\/codmef.com.br\/index.php\/wp-json\/wp\/v2\/pages\/6"}],"collection":[{"href":"https:\/\/codmef.com.br\/index.php\/wp-json\/wp\/v2\/pages"}],"about":[{"href":"https:\/\/codmef.com.br\/index.php\/wp-json\/wp\/v2\/types\/page"}],"author":[{"embeddable":true,"href":"https:\/\/codmef.com.br\/index.php\/wp-json\/wp\/v2\/users\/1"}],"replies":[{"embeddable":true,"href":"https:\/\/codmef.com.br\/index.php\/wp-json\/wp\/v2\/comments?post=6"}],"version-history":[{"count":3,"href":"https:\/\/codmef.com.br\/index.php\/wp-json\/wp\/v2\/pages\/6\/revisions"}],"predecessor-version":[{"id":235,"href":"https:\/\/codmef.com.br\/index.php\/wp-json\/wp\/v2\/pages\/6\/revisions\/235"}],"wp:attachment":[{"href":"https:\/\/codmef.com.br\/index.php\/wp-json\/wp\/v2\/media?parent=6"}],"curies":[{"name":"wp","href":"https:\/\/api.w.org\/{rel}","templated":true}]}}