{"id":85,"date":"2024-02-18T13:29:29","date_gmt":"2024-02-18T16:29:29","guid":{"rendered":"https:\/\/codmef.com.br\/?page_id=85"},"modified":"2024-10-09T12:46:56","modified_gmt":"2024-10-09T15:46:56","slug":"submissao-de-trabalhos","status":"publish","type":"page","link":"https:\/\/codmef.com.br\/index.php\/submissao-de-trabalhos\/","title":{"rendered":"Submiss\u00e3o de Trabalhos"},"content":{"rendered":"\n<h2 class=\"wp-block-heading has-text-align-center\"><strong><mark style=\"background-color:rgba(0, 0, 0, 0)\" class=\"has-inline-color has-vivid-green-cyan-color\">DEADLINE 20 DE SETEMBRO<\/mark><\/strong><\/h2>\n\n\n\n<p class=\"has-text-align-center has-white-color has-electric-grass-gradient-background has-text-color has-background has-link-color has-medium-font-size wp-elements-b94c34b5dfd08950f0da179273aa6147\"><strong>Submiss\u00f5es at\u00e9 20\/07\/2024 \/ Resposta at\u00e9 31\/07\/2024<\/strong><\/p>\n\n\n\n<p class=\"has-text-align-center has-white-color has-electric-grass-gradient-background has-text-color has-background has-link-color has-medium-font-size wp-elements-093050a48d542aee3e821a7f17bcd63b\"><strong>Submiss\u00f5es at\u00e9 20\/08\/2024 \/ Resposta at\u00e9 31\/08\/2024<\/strong><\/p>\n\n\n\n<p class=\"has-text-align-center has-white-color has-electric-grass-gradient-background has-text-color has-background has-link-color has-medium-font-size wp-elements-6d130cb81a973dacb08628d03537e4a9\"><strong>Submiss\u00f5es at\u00e9 20\/09\/2024 \/ Resposta at\u00e9 10\/10\/2024<\/strong><\/p>\n\n\n\n<p class=\"has-text-align-center has-blush-bordeaux-gradient-background has-background has-medium-font-size\"><strong>PRORROGA\u00c7\u00c3O AT\u00c9 02\/10\/2024<\/strong><\/p>\n\n\n\n<p class=\"has-text-align-center has-electric-grass-gradient-background has-background has-medium-font-size\"><strong>Normas para submiss\u00e3o dos Trabalhos<\/strong><\/p>\n\n\n\n<p><strong>Siga rigorosamente as orienta\u00e7\u00f5es para envio do seu Trabalho.<\/strong><\/p>\n\n\n\n<p>1. O resumo dever\u00e1 ser enviado exclusivamente via Sistema de Submiss\u00e3o Online.<\/p>\n\n\n\n<p>2. O cadastro no SISTEMA deve ser obrigatoriamente do primeiro autor do trabalho.<\/p>\n\n\n\n<p>3. Pode ser enviado um \u00fanico trabalho por autor (primeiro autor).<\/p>\n\n\n\n<p>4. Os nomes e ordem dos co-autores dever\u00e3o ser digitados pelo autor nos campos determinados pelo sistema.<\/p>\n\n\n\n<p>5. O resumo dever\u00e1 ser submetido via arquivo World no sistema online nas \u00c1reas tem\u00e1ticas 1) Atividade F\u00edsica e Sa\u00fade; 2) Biomec\u00e2nica; 3) Esporte e Educa\u00e7\u00e3o F\u00edsica Escolar 4) Fisiologia do Exerc\u00edcio.<\/p>\n\n\n\n<p>Os trabalhos ser\u00e3o apresentados na forma oral ou p\u00f4ster. Os melhores trabalhos e com maior relev\u00e2ncia para evento ser\u00e3o apresentados na forma oral. Os autores dos tr\u00eas melhores trabalhos receber\u00e3o um certificado.<\/p>\n\n\n\n<p>6. Formato do Resumo<\/p>\n\n\n\n<p>Siga as recomenda\u00e7\u00f5es e estrutura abaixo para uma melhor visualiza\u00e7\u00e3o do seu trabalho nos anais do congresso.<\/p>\n\n\n\n<p class=\"has-background\" style=\"background:linear-gradient(135deg,rgb(111,166,22) 0%,rgb(113,206,126) 100%)\">Os trabalhos submetidos dever\u00e3o ser escritos em portugu\u00eas, fonte SEGOE UI  tamanho 9, justificado, espa\u00e7amento simples, <em>sem exceder <\/em><strong><em>500 palavras<\/em>.<\/strong> <strong><mark style=\"background-color:rgba(0, 0, 0, 0)\" class=\"has-inline-color has-vivid-red-color\">(<a href=\"http:\/\/codmef.com.br\/wp-content\/uploads\/2024\/06\/template.docx\">download do template<\/a>).<\/mark><\/strong><\/p>\n\n\n\n<p><strong>T\u00edtulo:<\/strong> no m\u00e1ximo duas linhas (fonte SEGOE UI  tamanho 14)<\/p>\n\n\n\n<p><strong>Introdu\u00e7\u00e3o:<\/strong>&nbsp; deve conter a justificativa objetiva para o estudo, n\u00e3o precisa incluir refer\u00eancias.<\/p>\n\n\n\n<p><strong>Objetivo:<\/strong>&nbsp;descrever objetivo principal do estudo.<\/p>\n\n\n\n<p><strong>Metodologia:<\/strong>&nbsp; deve descrever os procedimentos em detalhes suficientes que permitam que outros pesquisadores reproduzam os resultados ou deem continuidade ao estudo e dever\u00e1 conter: a descri\u00e7\u00e3o clara da amostra; identifica\u00e7\u00e3o dos m\u00e9todos, aparelhos e procedimentos utilizados; descri\u00e7\u00e3o breve dos m\u00e9todos utilizados; quando pertinente, incluir a an\u00e1lise estat\u00edstica e os programas utilizados.<\/p>\n\n\n\n<p><strong>Resultados:<\/strong>&nbsp;apresentar em sequ\u00eancia l\u00f3gica no texto, enfatizando os principais resultados, usando apenas 1 tabela ou figura. N\u00e3o repetir os resultados da tabela\/figura no texto. N\u00e3o apresentar discuss\u00e3o dos dados com outros descritos na literatura.<\/p>\n\n\n\n<p><strong>Conclus\u00f5es:<\/strong> deve ser clara e concisa, baseada no objetivo e nos resultados obtidos. Recomenda\u00e7\u00f5es podem ser inclu\u00eddas, quando pertinentes.<\/p>\n\n\n\n<p><strong>Palavras-chaves:<\/strong> de 3 a 5 palavras.<\/p>\n\n\n\n<p>7. O trabalho ser\u00e1 publicado como<strong>&nbsp;Anais na Revista Corpoconsci\u00eancia<\/strong><strong>, <\/strong>na forma online, sendo de inteira responsabilidade do(s) autor(es) a forma e o conte\u00fado apresentados.<\/p>\n\n\n\n<p>8. Para cada trabalho apresentado ser\u00e1 emitido um \u00fanico certificado com o nome de todos os autores, conforme formato e sequ\u00eancia cadastrados no formul\u00e1rio online.<\/p>\n\n\n\n<p>9. Todas as comunica\u00e7\u00f5es a respeito do trabalho ser\u00e3o enviadas para o endere\u00e7o de e-mail cadastrado no formul\u00e1rio online.<\/p>\n\n\n\n<p>10. S\u00f3 ser\u00e3o aceitos trabalhos que n\u00e3o tenham sido apresentados em outros congressos nacionais ou internacionais.<\/p>\n\n\n\n<p><strong>Crit\u00e9rio de Rejei\u00e7\u00e3o<\/strong><\/p>\n\n\n\n<p>N\u00e3o ser\u00e3o aceitos trabalhos nas seguintes condi\u00e7\u00f5es:<\/p>\n\n\n\n<p>1.&nbsp;&nbsp; Trabalho enviado fora do prazo por e-mail.<\/p>\n\n\n\n<p>2.&nbsp;&nbsp; Resumo fora do padr\u00e3o\/formata\u00e7\u00e3o especificados.<\/p>\n\n\n\n<p>3.&nbsp;&nbsp; Mais de um trabalho com o mesmo primeiro autor. Neste caso, o primeiro ser\u00e1 mantido e o segundo exclu\u00eddo.<\/p>\n\n\n\n<p>4.&nbsp;&nbsp; Trabalhos do tipo: revis\u00e3o de literatura ou propostas de projeto de pesquisa sem apresenta\u00e7\u00e3o de resultados.<\/p>\n\n\n\n<p>5.&nbsp;&nbsp; Trabalhos com metodologia e\/ou an\u00e1lise estat\u00edstica ausente ou inadequada.<\/p>\n\n\n\n<p>6.&nbsp;&nbsp; Resumos com apresenta\u00e7\u00e3o insuficiente de resultados.<\/p>\n\n\n\n<p>7.&nbsp;&nbsp; Trabalhos n\u00e3o relacionados com a tem\u00e1tica do evento.<\/p>\n\n\n\n<p>8.&nbsp;&nbsp; Estudos de caso ou relatos de experi\u00eancia n\u00e3o adequadamente justificados ou sem apresenta\u00e7\u00e3o de resultados.<\/p>\n\n\n\n<p>9.&nbsp;&nbsp; Trabalhos sem relev\u00e2ncia espec\u00edfica para a \u00e1rea\/tem\u00e1tica do evento.<\/p>\n\n\n\n<p><strong>Apresenta\u00e7\u00e3o do Trabalho<\/strong><\/p>\n\n\n\n<ol>\n<li>O trabalho poder\u00e1 ser apresentado somente por autor\/co-autor inscrito no evento (inscri\u00e7\u00e3o paga), desde que o primeiro autor tenha efetivado a inscri\u00e7\u00e3o.<\/li>\n\n\n\n<li>O participante pode apresentar mais de um trabalho no evento, desde que ele e o primeiro autor de cada trabalho estejam inscritos no evento, lembrando que como primeiro autor ser\u00e1 permitido apenas um trabalho por pessoa.<\/li>\n<\/ol>\n\n\n\n<p><strong>2.&nbsp;&nbsp; Forma de Apresenta\u00e7\u00e3o:<\/strong>&nbsp;<\/p>\n\n\n\n<p class=\"has-electric-grass-gradient-background has-background\"><strong>1.Apresenta\u00e7\u00f5es no formato P\u00f4ster:<\/strong> impresso, dimens\u00f5es 90&#215;120 cm (Largura x Altura) &#8211; <strong>download do<\/strong> <strong><a href=\"http:\/\/codmef.com.br\/wp-content\/uploads\/2024\/10\/Modelo.banner_codmef2024.pptx\">[TEMPLATE<\/a>]<\/strong><\/p>\n\n\n\n<p class=\"has-electric-grass-gradient-background has-background\"><strong>2. Apresenta\u00e7\u00e3o Oral:<\/strong> power point, disponibilizar o arquivo em pen-drive &#8211; <strong>download do<\/strong> <a href=\"http:\/\/codmef.com.br\/wp-content\/uploads\/2024\/10\/Modelo.oral_codmef2024.pptx\"><strong>[TEMPLATE]<\/strong><\/a><\/p>\n\n\n\n<p>3. Tempo de apresenta\u00e7\u00e3o ser\u00e1 de at\u00e9 5 minutos para p\u00f4ster e at\u00e9 10 minutos para apresenta\u00e7\u00e3o oral, podendo ser ajustado conforme as necessidades do evento.<\/p>\n\n\n\n<p>4. A Comiss\u00e3o Cient\u00edfica adotar\u00e1 como crit\u00e9rios para sele\u00e7\u00e3o dos trabalhos a serem apresentados: formata\u00e7\u00e3o adequada do trabalho, relev\u00e2ncia para \u00e1rea, clareza metodol\u00f3gica; organiza\u00e7\u00e3o, e clareza textual, utiliza\u00e7\u00e3o gramatical e ortogr\u00e1ficas adequadas.<\/p>\n\n\n\n<p><\/p>\n\n\n\n<p><strong>Pol\u00edtica de Cancelamento de Inscri\u00e7\u00f5es<\/strong><\/p>\n\n\n\n<p>Inscri\u00e7\u00f5es canceladas n\u00e3o&nbsp;ser\u00e3o reembolsadas.<\/p>\n\n\n\n<p><strong>Avisos<\/strong><\/p>\n\n\n\n<p>Todos os trabalhos aceitos ser\u00e3o publicados como<strong>&nbsp;Anais na Revista Corpoconsci\u00eancia<\/strong>.<\/p>\n\n\n\n<p>A taxa de inscri\u00e7\u00e3o n\u00e3o ser\u00e1 devolvida, mesmo que o trabalho n\u00e3o seja apresentado.<\/p>\n\n\n\n<p>&nbsp;Evite problemas conferindo seu cadastro no Site antes de confirmar o envio das informa\u00e7\u00f5es. Ap\u00f3s o&nbsp;deadline&nbsp;n\u00e3o ser\u00e3o permitidas altera\u00e7\u00f5es nas informa\u00e7\u00f5es do cadastro e do arquivo anexado.&nbsp;<\/p>\n\n\n\n<p><strong>Ao se INSCREVER e\/ou enviar TRABALHO para o <em>III Congresso de Obesidade, Doen\u00e7as Metab\u00f3licas e Exerc\u00edcio F\u00edsico<\/em> via sistema de submiss\u00e3o online, voc\u00ea concorda com todas as informa\u00e7\u00f5es citadas acima.<\/strong><\/p>\n\n\n\n<p><\/p>\n\n\n\n<p class=\"has-background\" style=\"background:linear-gradient(135deg,rgb(202,248,128) 0%,rgb(32,204,55) 100%)\">Acesse o link para submeter seu trabalho agora: <a href=\"https:\/\/forms.gle\/RkA2TC8FrEzeCT6k6\"><strong>https:\/\/forms.gle\/RkA2TC8FrEzeCT6k6<\/strong><\/a><\/p>\n\n\n\n<p><em>Comiss\u00e3o Organizadora do III <\/em><em>Congresso de Obesidade, Doen\u00e7as Metab\u00f3licas e Exerc\u00edcio F\u00edsico.<\/em><\/p>\n\n\n\n<p class=\"has-text-align-center has-medium-font-size\"><\/p>\n","protected":false},"excerpt":{"rendered":"<p>DEADLINE 20 DE SETEMBRO Submiss\u00f5es at\u00e9 20\/07\/2024 \/ Resposta at\u00e9 31\/07\/2024 Submiss\u00f5es at\u00e9 20\/08\/2024 \/ Resposta at\u00e9 31\/08\/2024 Submiss\u00f5es at\u00e9 20\/09\/2024 \/ Resposta at\u00e9 10\/10\/2024 PRORROGA\u00c7\u00c3O AT\u00c9 02\/10\/2024 Normas para submiss\u00e3o dos Trabalhos Siga rigorosamente as orienta\u00e7\u00f5es para envio do seu Trabalho. 1. O resumo dever\u00e1 ser enviado exclusivamente via Sistema de Submiss\u00e3o Online. 2. [&hellip;]<\/p>\n","protected":false},"author":1,"featured_media":0,"parent":0,"menu_order":0,"comment_status":"closed","ping_status":"closed","template":"","meta":{"footnotes":""},"_links":{"self":[{"href":"https:\/\/codmef.com.br\/index.php\/wp-json\/wp\/v2\/pages\/85"}],"collection":[{"href":"https:\/\/codmef.com.br\/index.php\/wp-json\/wp\/v2\/pages"}],"about":[{"href":"https:\/\/codmef.com.br\/index.php\/wp-json\/wp\/v2\/types\/page"}],"author":[{"embeddable":true,"href":"https:\/\/codmef.com.br\/index.php\/wp-json\/wp\/v2\/users\/1"}],"replies":[{"embeddable":true,"href":"https:\/\/codmef.com.br\/index.php\/wp-json\/wp\/v2\/comments?post=85"}],"version-history":[{"count":25,"href":"https:\/\/codmef.com.br\/index.php\/wp-json\/wp\/v2\/pages\/85\/revisions"}],"predecessor-version":[{"id":536,"href":"https:\/\/codmef.com.br\/index.php\/wp-json\/wp\/v2\/pages\/85\/revisions\/536"}],"wp:attachment":[{"href":"https:\/\/codmef.com.br\/index.php\/wp-json\/wp\/v2\/media?parent=85"}],"curies":[{"name":"wp","href":"https:\/\/api.w.org\/{rel}","templated":true}]}}